{"id":265,"date":"2015-11-15T03:43:27","date_gmt":"2015-11-15T09:43:27","guid":{"rendered":"http:\/\/peachcreekfarm.us\/NewSite\/?post_type=product&#038;p=265"},"modified":"2016-08-27T23:34:53","modified_gmt":"2016-08-28T05:34:53","slug":"puppy-pate","status":"publish","type":"product","link":"https:\/\/peachcreekfarm.us\/?product=puppy-pate","title":{"rendered":"Puppy P\u00e2t\u00e9"},"content":{"rendered":"","protected":false},"excerpt":{"rendered":"<p>Our Puppy P\u00e2t\u00e9 is a dog treat deluxe. It is a cooked meat product made with pork liver, kidney, heart, tongue and oatmeal, and contains no corn, wheat, or dairy product &#8211; great for dogs with allergies, and an excellent training treat.<\/p>\n","protected":false},"featured_media":0,"comment_status":"closed","ping_status":"closed","template":"","meta":[],"product_brand":[],"product_cat":[22],"product_tag":[],"class_list":{"0":"post-265","1":"product","2":"type-product","3":"status-publish","5":"product_cat-pet-food","7":"first","8":"instock","9":"shipping-taxable","10":"purchasable","11":"product-type-simple"},"_links":{"self":[{"href":"https:\/\/peachcreekfarm.us\/index.php?rest_route=\/wp\/v2\/product\/265","targetHints":{"allow":["GET"]}}],"collection":[{"href":"https:\/\/peachcreekfarm.us\/index.php?rest_route=\/wp\/v2\/product"}],"about":[{"href":"https:\/\/peachcreekfarm.us\/index.php?rest_route=\/wp\/v2\/types\/product"}],"replies":[{"embeddable":true,"href":"https:\/\/peachcreekfarm.us\/index.php?rest_route=%2Fwp%2Fv2%2Fcomments&post=265"}],"wp:attachment":[{"href":"https:\/\/peachcreekfarm.us\/index.php?rest_route=%2Fwp%2Fv2%2Fmedia&parent=265"}],"wp:term":[{"taxonomy":"product_brand","embeddable":true,"href":"https:\/\/peachcreekfarm.us\/index.php?rest_route=%2Fwp%2Fv2%2Fproduct_brand&post=265"},{"taxonomy":"product_cat","embeddable":true,"href":"https:\/\/peachcreekfarm.us\/index.php?rest_route=%2Fwp%2Fv2%2Fproduct_cat&post=265"},{"taxonomy":"product_tag","embeddable":true,"href":"https:\/\/peachcreekfarm.us\/index.php?rest_route=%2Fwp%2Fv2%2Fproduct_tag&post=265"}],"curies":[{"name":"wp","href":"https:\/\/api.w.org\/{rel}","templated":true}]}}